{"id":1916,"date":"2018-07-16T21:08:32","date_gmt":"2018-07-16T19:08:32","guid":{"rendered":"https:\/\/marcinhalat.com\/events\/"},"modified":"2022-12-13T18:02:16","modified_gmt":"2022-12-13T17:02:16","slug":"events","status":"publish","type":"page","link":"https:\/\/marcinhalat.com\/en\/events\/","title":{"rendered":"Events"},"content":{"rendered":"<section id=\"events\" class=\"kc-elm kc-css-167482 kc_row one-page-section\"><div class=\"kc-row-container  kc-container\"><div class=\"kc-wrap-columns\"><div class=\"kc-elm kc-css-507576 kc_col-sm-12 kc_column kc_col-sm-12\"><div class=\"kc-col-container\"><div class=\"kc-elm kc-css-900771 kc-event-block  dark-scheme-el\">\r\n    <div class=\"kc-events-block-inner\">\r\n        \r\n        <div class=\"ajax-grid-block  dark-scheme-el\" data-loading='false' data-paged='2' data-opts='{\"action\":\"meloo_load_more\"}' data-filter='{\"post_ids\":\"\",\"limit\":6,\"offset\":\"0\",\"event_type\":\"all\",\"filter_type\":\"center\",\"show_filters\":\"no\",\"filter_sel_method\":\"filter-sel-multiple\",\"event_type_tax\":\"meloo_event_type\",\"post_type\":\"meloo_events\",\"sort_order\":\"events_date\"}'>\r\n\r\n            \r\n            \r\n                        <div class=\"empty-module\">Currently, we have no future events.<\/div>\r\n                    <\/div>\r\n    <\/div>\r\n<\/div>\r\n\r\n<\/div><\/div><\/div><\/div><\/section>\n","protected":false},"excerpt":{"rendered":"","protected":false},"author":3,"featured_media":0,"parent":0,"menu_order":0,"comment_status":"closed","ping_status":"closed","template":"template-events.php","meta":{"footnotes":""},"class_list":["post-1916","page","type-page","status-publish","hentry"],"yoast_head":"<!-- This site is optimized with the Yoast SEO plugin v24.4 - https:\/\/yoast.com\/wordpress\/plugins\/seo\/ -->\n<title>Events - Marcin Ha\u0142at<\/title>\n<meta name=\"robots\" content=\"index, follow, max-snippet:-1, max-image-preview:large, max-video-preview:-1\" \/>\n<link rel=\"canonical\" href=\"https:\/\/marcinhalat.com\/en\/events\/\" \/>\n<meta property=\"og:locale\" content=\"en_US\" \/>\n<meta property=\"og:type\" content=\"article\" \/>\n<meta property=\"og:title\" content=\"Events - Marcin Ha\u0142at\" \/>\n<meta property=\"og:description\" content=\"11 grudzie\u0144 2022 Nowy Dom Sztuki w Radziejowicach Nowy Dom Sztuki w Radziejowicach &#8211; Radziejowice Buy Tickets 03 grudzie\u0144 2022 Lewisham Polish Centre Lewisham Polish Centre &#8211; Londyn Buy Tickets\" \/>\n<meta property=\"og:url\" content=\"https:\/\/marcinhalat.com\/en\/events\/\" \/>\n<meta property=\"og:site_name\" content=\"Marcin Ha\u0142at\" \/>\n<meta property=\"article:publisher\" content=\"https:\/\/www.facebook.com\/halatmusic\" \/>\n<meta property=\"article:modified_time\" content=\"2022-12-13T17:02:16+00:00\" \/>\n<meta name=\"twitter:card\" content=\"summary_large_image\" \/>\n<script type=\"application\/ld+json\" class=\"yoast-schema-graph\">{\"@context\":\"https:\/\/schema.org\",\"@graph\":[{\"@type\":\"WebPage\",\"@id\":\"https:\/\/marcinhalat.com\/en\/events\/\",\"url\":\"https:\/\/marcinhalat.com\/en\/events\/\",\"name\":\"Events - Marcin Ha\u0142at\",\"isPartOf\":{\"@id\":\"https:\/\/marcinhalat.com\/#website\"},\"datePublished\":\"2018-07-16T19:08:32+00:00\",\"dateModified\":\"2022-12-13T17:02:16+00:00\",\"breadcrumb\":{\"@id\":\"https:\/\/marcinhalat.com\/en\/events\/#breadcrumb\"},\"inLanguage\":\"en-US\",\"potentialAction\":[{\"@type\":\"ReadAction\",\"target\":[\"https:\/\/marcinhalat.com\/en\/events\/\"]}]},{\"@type\":\"BreadcrumbList\",\"@id\":\"https:\/\/marcinhalat.com\/en\/events\/#breadcrumb\",\"itemListElement\":[{\"@type\":\"ListItem\",\"position\":1,\"name\":\"Strona g\u0142\u00f3wna\",\"item\":\"https:\/\/marcinhalat.com\/en\/strona-glowna\/\"},{\"@type\":\"ListItem\",\"position\":2,\"name\":\"Events\"}]},{\"@type\":\"WebSite\",\"@id\":\"https:\/\/marcinhalat.com\/#website\",\"url\":\"https:\/\/marcinhalat.com\/\",\"name\":\"Marcin Ha\u0142at\",\"description\":\"\",\"potentialAction\":[{\"@type\":\"SearchAction\",\"target\":{\"@type\":\"EntryPoint\",\"urlTemplate\":\"https:\/\/marcinhalat.com\/?s={search_term_string}\"},\"query-input\":{\"@type\":\"PropertyValueSpecification\",\"valueRequired\":true,\"valueName\":\"search_term_string\"}}],\"inLanguage\":\"en-US\"}]}<\/script>\n<!-- \/ Yoast SEO plugin. -->","yoast_head_json":{"title":"Events - Marcin Ha\u0142at","robots":{"index":"index","follow":"follow","max-snippet":"max-snippet:-1","max-image-preview":"max-image-preview:large","max-video-preview":"max-video-preview:-1"},"canonical":"https:\/\/marcinhalat.com\/en\/events\/","og_locale":"en_US","og_type":"article","og_title":"Events - Marcin Ha\u0142at","og_description":"11 grudzie\u0144 2022 Nowy Dom Sztuki w Radziejowicach Nowy Dom Sztuki w Radziejowicach &#8211; Radziejowice Buy Tickets 03 grudzie\u0144 2022 Lewisham Polish Centre Lewisham Polish Centre &#8211; Londyn Buy Tickets","og_url":"https:\/\/marcinhalat.com\/en\/events\/","og_site_name":"Marcin Ha\u0142at","article_publisher":"https:\/\/www.facebook.com\/halatmusic","article_modified_time":"2022-12-13T17:02:16+00:00","twitter_card":"summary_large_image","schema":{"@context":"https:\/\/schema.org","@graph":[{"@type":"WebPage","@id":"https:\/\/marcinhalat.com\/en\/events\/","url":"https:\/\/marcinhalat.com\/en\/events\/","name":"Events - Marcin Ha\u0142at","isPartOf":{"@id":"https:\/\/marcinhalat.com\/#website"},"datePublished":"2018-07-16T19:08:32+00:00","dateModified":"2022-12-13T17:02:16+00:00","breadcrumb":{"@id":"https:\/\/marcinhalat.com\/en\/events\/#breadcrumb"},"inLanguage":"en-US","potentialAction":[{"@type":"ReadAction","target":["https:\/\/marcinhalat.com\/en\/events\/"]}]},{"@type":"BreadcrumbList","@id":"https:\/\/marcinhalat.com\/en\/events\/#breadcrumb","itemListElement":[{"@type":"ListItem","position":1,"name":"Strona g\u0142\u00f3wna","item":"https:\/\/marcinhalat.com\/en\/strona-glowna\/"},{"@type":"ListItem","position":2,"name":"Events"}]},{"@type":"WebSite","@id":"https:\/\/marcinhalat.com\/#website","url":"https:\/\/marcinhalat.com\/","name":"Marcin Ha\u0142at","description":"","potentialAction":[{"@type":"SearchAction","target":{"@type":"EntryPoint","urlTemplate":"https:\/\/marcinhalat.com\/?s={search_term_string}"},"query-input":{"@type":"PropertyValueSpecification","valueRequired":true,"valueName":"search_term_string"}}],"inLanguage":"en-US"}]}},"_links":{"self":[{"href":"https:\/\/marcinhalat.com\/en\/wp-json\/wp\/v2\/pages\/1916","targetHints":{"allow":["GET"]}}],"collection":[{"href":"https:\/\/marcinhalat.com\/en\/wp-json\/wp\/v2\/pages"}],"about":[{"href":"https:\/\/marcinhalat.com\/en\/wp-json\/wp\/v2\/types\/page"}],"author":[{"embeddable":true,"href":"https:\/\/marcinhalat.com\/en\/wp-json\/wp\/v2\/users\/3"}],"replies":[{"embeddable":true,"href":"https:\/\/marcinhalat.com\/en\/wp-json\/wp\/v2\/comments?post=1916"}],"version-history":[{"count":2,"href":"https:\/\/marcinhalat.com\/en\/wp-json\/wp\/v2\/pages\/1916\/revisions"}],"predecessor-version":[{"id":1923,"href":"https:\/\/marcinhalat.com\/en\/wp-json\/wp\/v2\/pages\/1916\/revisions\/1923"}],"wp:attachment":[{"href":"https:\/\/marcinhalat.com\/en\/wp-json\/wp\/v2\/media?parent=1916"}],"curies":[{"name":"wp","href":"https:\/\/api.w.org\/{rel}","templated":true}]}}